{"id":714,"date":"2018-10-05T14:34:29","date_gmt":"2018-10-05T12:34:29","guid":{"rendered":"http:\/\/www.scmi.at\/?page_id=714"},"modified":"2021-11-29T19:02:34","modified_gmt":"2021-11-29T18:02:34","slug":"wahlsystem","status":"publish","type":"page","link":"https:\/\/www.scmi.at\/?page_id=714","title":{"rendered":"Wahlsystem"},"content":{"rendered":"<p><\/a><font size=\"8\">     <strong>Wahlsystem<\/strong><\/font><\/p>\n<p>&#8211; Bildung des Vorstandes<br \/>\nDer Vorstand besteht aus Pr\u00e4sidium, Stab und allen Sportbereichsleitern<\/p>\n<p>&#8211; Die Funktion\u00e4re<br \/>\nSie werden vom Pr\u00e4sidium bestellt.<\/p>\n<p>&#8211; Bildung des Pr\u00e4sidiums<br \/>\nErstbildung<br \/>\nDie Gr\u00fcnder des Vereins legen die Erstbesetzung des Pr\u00e4sidiums fest.<br \/>\nNachbesetzung<br \/>\nSollte ein Pr\u00e4sidiumsmitglied zur\u00fccktreten bestimmt der Vorstand seinen Nachfolger.<\/p>\n<p>&#8211; Amtsdauer<br \/>\nDie Funktionen sind auf unbestimmte Zeit gew\u00e4hlt. Bis auf den Rechnungspr\u00fcfer dies muss alle 2 Jahre neu von der Mitgliederversammlung bestellt werden.<\/p>\n","protected":false},"excerpt":{"rendered":"<p>Wahlsystem &#8211; Bildung des Vorstandes Der Vorstand besteht aus Pr\u00e4sidium, Stab und allen Sportbereichsleitern &#8211; Die Funktion\u00e4re Sie werden vom Pr\u00e4sidium bestellt. &#8211; Bildung des Pr\u00e4sidiums Erstbildung Die Gr\u00fcnder des Vereins legen die Erstbesetzung des Pr\u00e4sidiums fest. Nachbesetzung Sollte ein Pr\u00e4sidiumsmitglied zur\u00fccktreten bestimmt der Vorstand seinen Nachfolger. &#8211; Amtsdauer Die&#8230;<\/p>\n","protected":false},"author":1,"featured_media":254,"parent":0,"menu_order":0,"comment_status":"closed","ping_status":"closed","template":"","meta":{"footnotes":""},"class_list":["post-714","page","type-page","status-publish","has-post-thumbnail","hentry"],"_links":{"self":[{"href":"https:\/\/www.scmi.at\/index.php?rest_route=\/wp\/v2\/pages\/714","targetHints":{"allow":["GET"]}}],"collection":[{"href":"https:\/\/www.scmi.at\/index.php?rest_route=\/wp\/v2\/pages"}],"about":[{"href":"https:\/\/www.scmi.at\/index.php?rest_route=\/wp\/v2\/types\/page"}],"author":[{"embeddable":true,"href":"https:\/\/www.scmi.at\/index.php?rest_route=\/wp\/v2\/users\/1"}],"replies":[{"embeddable":true,"href":"https:\/\/www.scmi.at\/index.php?rest_route=%2Fwp%2Fv2%2Fcomments&post=714"}],"version-history":[{"count":2,"href":"https:\/\/www.scmi.at\/index.php?rest_route=\/wp\/v2\/pages\/714\/revisions"}],"predecessor-version":[{"id":4909,"href":"https:\/\/www.scmi.at\/index.php?rest_route=\/wp\/v2\/pages\/714\/revisions\/4909"}],"wp:featuredmedia":[{"embeddable":true,"href":"https:\/\/www.scmi.at\/index.php?rest_route=\/wp\/v2\/media\/254"}],"wp:attachment":[{"href":"https:\/\/www.scmi.at\/index.php?rest_route=%2Fwp%2Fv2%2Fmedia&parent=714"}],"curies":[{"name":"wp","href":"https:\/\/api.w.org\/{rel}","templated":true}]}}