{"id":596,"date":"2018-10-05T11:49:31","date_gmt":"2018-10-05T09:49:31","guid":{"rendered":"http:\/\/www.scmi.at\/?page_id=596"},"modified":"2021-09-30T12:08:19","modified_gmt":"2021-09-30T10:08:19","slug":"sportart-beachvolleyball","status":"publish","type":"page","link":"https:\/\/www.scmi.at\/?page_id=596","title":{"rendered":"Sportart: Beachvolleyball"},"content":{"rendered":"<hr \/>\n<h2>BEACHVOLLEYBALL<\/h2>\n<p>Sand zwischen den Zehen, der Duft von Sonnencreme liegt in der Luft &#8211; klingt nach Urlaub. Aber Achtung vor fliegenden Sportlern \ud83d\ude42 Herzlich Willkommen, du stehst mitten am Beachvolleyball Feld des SCMI.<br \/>\nUnserem Kurzurlaub von Mai bis September (je nach Wetter starten wir schon fr\u00fcher oder spielen auch l\u00e4nger).<br \/>\nZudem veranstalten wir ein J\u00e4hrliches Trainingslager.<\/p>\n<p>Du bist Volleyballer mit mittleren bis guten Volleyball Kenntnissen? Dann kannst du jederzeit bei uns einsteigen. Wir spielen mixed auf Mixed H\u00f6he. Fix einmal in der Woche: am Sonntag in der Beach WG in Innsbruck. Es stehen zwei Pl\u00e4tze f\u00fcr uns zur Verf\u00fcgung. Melde dich gerne bei Julia unter julia@scmi.at und vereinbare dein Probetraining.<\/p>\n<p>Probier uns gerne aus, Schnuppern ist einmal gratis. Wenns dir gef\u00e4llt, werde Vereinsmitglied, dann kannst du neben Beachvolleyball und auch alle anderen Sportarten aus\u00fcben.<\/p>\n<blockquote><p><strong>Wo:<\/strong> BeachWG, 6020 Innsbruck, Wiesengasse 20<br \/>\n<strong>Wann:<\/strong> Sonntag 17:00-19:00h (in den Sommermonaten, in der Regel von Mai bis September)<br \/>\n<strong>Treffpunkt:<\/strong> Wiesengasse 20<br \/>\n<strong>Verst\u00e4ndigung:<\/strong> WhatsApp Gruppe &#8211; SCM Beachen<br \/>\n<strong>Duschen:<\/strong> vorhanden<\/p>\n<p><strong>Link Anlage:<\/strong> <a href=\"http:\/\/www.beach-wg.at\">BeachWG<\/a><\/p><\/blockquote>\n<p><iframe loading=\"lazy\" style=\"border: 0;\" src=\"https:\/\/www.google.com\/maps\/embed?pb=!1m14!1m8!1m3!1d1354.0309976390272!2d11.4054386!3d47.254491!3m2!1i1024!2i768!4f13.1!3m3!1m2!1s0x479d6eb4b3322b41%3A0xc5af7455e9494b4!2sTennisclub+TI+Turnerschaft+Innsbruck!5e0!3m2!1sde!2sat!4v1538734811990\" width=\"600\" height=\"450\" frameborder=\"0\" allowfullscreen=\"allowfullscreen\"><\/iframe><\/p>\n","protected":false},"excerpt":{"rendered":"<p>BEACHVOLLEYBALL Sand zwischen den Zehen, der Duft von Sonnencreme liegt in der Luft &#8211; klingt nach Urlaub. Aber Achtung vor fliegenden Sportlern \ud83d\ude42 Herzlich Willkommen, du stehst mitten am Beachvolleyball Feld des SCMI. Unserem Kurzurlaub von Mai bis September (je nach Wetter starten wir schon fr\u00fcher oder spielen auch l\u00e4nger)&#8230;.<\/p>\n","protected":false},"author":1,"featured_media":3762,"parent":0,"menu_order":0,"comment_status":"closed","ping_status":"closed","template":"","meta":{"footnotes":""},"class_list":["post-596","page","type-page","status-publish","has-post-thumbnail","hentry"],"_links":{"self":[{"href":"https:\/\/www.scmi.at\/index.php?rest_route=\/wp\/v2\/pages\/596","targetHints":{"allow":["GET"]}}],"collection":[{"href":"https:\/\/www.scmi.at\/index.php?rest_route=\/wp\/v2\/pages"}],"about":[{"href":"https:\/\/www.scmi.at\/index.php?rest_route=\/wp\/v2\/types\/page"}],"author":[{"embeddable":true,"href":"https:\/\/www.scmi.at\/index.php?rest_route=\/wp\/v2\/users\/1"}],"replies":[{"embeddable":true,"href":"https:\/\/www.scmi.at\/index.php?rest_route=%2Fwp%2Fv2%2Fcomments&post=596"}],"version-history":[{"count":10,"href":"https:\/\/www.scmi.at\/index.php?rest_route=\/wp\/v2\/pages\/596\/revisions"}],"predecessor-version":[{"id":4764,"href":"https:\/\/www.scmi.at\/index.php?rest_route=\/wp\/v2\/pages\/596\/revisions\/4764"}],"wp:featuredmedia":[{"embeddable":true,"href":"https:\/\/www.scmi.at\/index.php?rest_route=\/wp\/v2\/media\/3762"}],"wp:attachment":[{"href":"https:\/\/www.scmi.at\/index.php?rest_route=%2Fwp%2Fv2%2Fmedia&parent=596"}],"curies":[{"name":"wp","href":"https:\/\/api.w.org\/{rel}","templated":true}]}}