{"id":221,"date":"2018-09-25T14:52:25","date_gmt":"2018-09-25T12:52:25","guid":{"rendered":"http:\/\/wp.scmi.at\/?page_id=221"},"modified":"2026-03-10T11:06:50","modified_gmt":"2026-03-10T10:06:50","slug":"dressen-bestellung-2018","status":"publish","type":"page","link":"https:\/\/www.scmi.at\/?page_id=221","title":{"rendered":"Eishockey Dress"},"content":{"rendered":"<style id=\"wpforms-css-vars-5592\">\n\t\t\t\t#wpforms-5592 {\n\t\t\t\t--wpforms-container-padding: 0px;\n--wpforms-container-border-width: 1px;\n--wpforms-container-border-radius: 3px;\n--wpforms-background-color: rgba(0, 0, 0, 0);\n--wpforms-field-size-input-height: 43px;\n--wpforms-field-size-input-spacing: 15px;\n--wpforms-field-size-font-size: 16px;\n--wpforms-field-size-line-height: 19px;\n--wpforms-field-size-padding-h: 14px;\n--wpforms-field-size-checkbox-size: 16px;\n--wpforms-field-size-sublabel-spacing: 5px;\n--wpforms-field-size-icon-size: 1;\n--wpforms-label-size-font-size: 16px;\n--wpforms-label-size-line-height: 19px;\n--wpforms-label-size-sublabel-font-size: 14px;\n--wpforms-label-size-sublabel-line-height: 17px;\n--wpforms-button-size-font-size: 17px;\n--wpforms-button-size-height: 41px;\n--wpforms-button-size-padding-h: 15px;\n--wpforms-button-size-margin-top: 10px;\n--wpforms-container-shadow-size-box-shadow: none;\n\t\t\t}\n\t\t\t<\/style><div class=\"wpforms-container wpforms-container-full wpforms-render-modern\" id=\"wpforms-5592\"><form id=\"wpforms-form-5592\" class=\"wpforms-validate wpforms-form wpforms-ajax-form\" data-formid=\"5592\" method=\"post\" enctype=\"multipart\/form-data\" action=\"\/index.php?rest_route=%2Fwp%2Fv2%2Fpages%2F221\" data-token=\"7b86edab50757256a0e9f99fe7e9ec55\" data-token-time=\"1778320264\"><noscript class=\"wpforms-error-noscript\">Bitte aktiviere JavaScript in deinem Browser, um dieses Formular fertigzustellen.<\/noscript><div id=\"wpforms-error-noscript\" style=\"display: none;\">Bitte aktiviere JavaScript in deinem Browser, um dieses Formular fertigzustellen.<\/div><div class=\"wpforms-field-container\"><div id=\"wpforms-5592-field_1-container\" class=\"wpforms-field wpforms-field-name\" data-field-id=\"1\"><fieldset><legend class=\"wpforms-field-label\">Name <span class=\"wpforms-required-label\" aria-hidden=\"true\">*<\/span><\/legend><div class=\"wpforms-field-row wpforms-field-medium\"><div class=\"wpforms-field-row-block wpforms-first wpforms-one-half\"><input type=\"text\" id=\"wpforms-5592-field_1\" class=\"wpforms-field-name-first wpforms-field-required\" name=\"wpforms[fields][1][first]\" aria-errormessage=\"wpforms-5592-field_1-error\" required><label for=\"wpforms-5592-field_1\" class=\"wpforms-field-sublabel after\">Vorname<\/label><\/div><div class=\"wpforms-field-row-block wpforms-one-half\"><input type=\"text\" id=\"wpforms-5592-field_1-last\" class=\"wpforms-field-name-last wpforms-field-required\" name=\"wpforms[fields][1][last]\" aria-errormessage=\"wpforms-5592-field_1-last-error\" required><label for=\"wpforms-5592-field_1-last\" class=\"wpforms-field-sublabel after\">Nachname<\/label><\/div><\/div><\/fieldset><\/div><div id=\"wpforms-5592-field_2-container\" class=\"wpforms-field wpforms-field-email\" data-field-id=\"2\"><label class=\"wpforms-field-label\" for=\"wpforms-5592-field_2\">E-Mail-Adresse <span class=\"wpforms-required-label\" aria-hidden=\"true\">*<\/span><\/label><input type=\"email\" id=\"wpforms-5592-field_2\" class=\"wpforms-field-medium wpforms-field-required\" name=\"wpforms[fields][2]\" spellcheck=\"false\" aria-errormessage=\"wpforms-5592-field_2-error\" required><\/div><div id=\"wpforms-5592-field_3-container\" class=\"wpforms-field wpforms-field-text\" data-field-id=\"3\"><label class=\"wpforms-field-label\" for=\"wpforms-5592-field_3\">Name am Trikot <span class=\"wpforms-required-label\" aria-hidden=\"true\">*<\/span><\/label><input type=\"text\" id=\"wpforms-5592-field_3\" class=\"wpforms-field-medium wpforms-field-required\" name=\"wpforms[fields][3]\" aria-errormessage=\"wpforms-5592-field_3-error\" required><\/div><div id=\"wpforms-5592-field_19-container\" class=\"wpforms-field wpforms-field-select wpforms-field-select-style-classic\" data-field-id=\"19\"><label class=\"wpforms-field-label\" for=\"wpforms-5592-field_19\">Nummer auf der Dress <span class=\"wpforms-required-label\" aria-hidden=\"true\">*<\/span><\/label><select id=\"wpforms-5592-field_19\" class=\"wpforms-field-medium wpforms-field-required\" name=\"wpforms[fields][19]\" required=\"required\"><option value=\"\" class=\"placeholder\" disabled  selected='selected'>--- Auswahl treffen ---<\/option><option value=\"4\"  class=\"choice-1 depth-1\"  >4<\/option><option value=\"25\"  class=\"choice-2 depth-1\"  >25<\/option><option value=\"26\"  class=\"choice-3 depth-1\"  >26<\/option><option value=\"29\"  class=\"choice-4 depth-1\"  >29<\/option><option value=\"30\"  class=\"choice-5 depth-1\"  >30<\/option><option value=\"31\"  class=\"choice-6 depth-1\"  >31<\/option><option value=\"32\"  class=\"choice-7 depth-1\"  >32<\/option><option value=\"36\"  class=\"choice-8 depth-1\"  >36<\/option><option value=\"37\"  class=\"choice-9 depth-1\"  >37<\/option><option value=\"40\"  class=\"choice-10 depth-1\"  >40<\/option><option value=\"41\"  class=\"choice-11 depth-1\"  >41<\/option><option value=\"42\"  class=\"choice-12 depth-1\"  >42<\/option><option value=\"45\"  class=\"choice-13 depth-1\"  >45<\/option><option value=\"46\"  class=\"choice-14 depth-1\"  >46<\/option><option value=\"47\"  class=\"choice-15 depth-1\"  >47<\/option><option value=\"48\"  class=\"choice-16 depth-1\"  >48<\/option><option value=\"49\"  class=\"choice-17 depth-1\"  >49<\/option><option value=\"50\"  class=\"choice-18 depth-1\"  >50<\/option><option value=\"51\"  class=\"choice-19 depth-1\"  >51<\/option><option value=\"52\"  class=\"choice-20 depth-1\"  >52<\/option><option value=\"53\"  class=\"choice-21 depth-1\"  >53<\/option><option value=\"54\"  class=\"choice-22 depth-1\"  >54<\/option><option value=\"57\"  class=\"choice-23 depth-1\"  >57<\/option><option value=\"58\"  class=\"choice-24 depth-1\"  >58<\/option><option value=\"59\"  class=\"choice-25 depth-1\"  >59<\/option><option value=\"60\"  class=\"choice-26 depth-1\"  >60<\/option><option value=\"61\"  class=\"choice-27 depth-1\"  >61<\/option><option value=\"62\"  class=\"choice-28 depth-1\"  >62<\/option><option value=\"63\"  class=\"choice-29 depth-1\"  >63<\/option><option value=\"64\"  class=\"choice-30 depth-1\"  >64<\/option><option value=\"65\"  class=\"choice-31 depth-1\"  >65<\/option><option value=\"66\"  class=\"choice-32 depth-1\"  >66<\/option><option value=\"67\"  class=\"choice-33 depth-1\"  >67<\/option><option value=\"68\"  class=\"choice-34 depth-1\"  >68<\/option><option value=\"70\"  class=\"choice-35 depth-1\"  >70<\/option><option value=\"72\"  class=\"choice-36 depth-1\"  >72<\/option><option value=\"73\"  class=\"choice-37 depth-1\"  >73<\/option><option value=\"75\"  class=\"choice-38 depth-1\"  >75<\/option><option value=\"78\"  class=\"choice-40 depth-1\"  >78<\/option><option value=\"83\"  class=\"choice-41 depth-1\"  >83<\/option><option value=\"84\"  class=\"choice-42 depth-1\"  >84<\/option><option value=\"85\"  class=\"choice-43 depth-1\"  >85<\/option><option value=\"87\"  class=\"choice-44 depth-1\"  >87<\/option><option value=\"90\"  class=\"choice-45 depth-1\"  >90<\/option><option value=\"91\"  class=\"choice-46 depth-1\"  >91<\/option><option value=\"93\"  class=\"choice-47 depth-1\"  >93<\/option><option value=\"95\"  class=\"choice-48 depth-1\"  >95<\/option><option value=\"96\"  class=\"choice-49 depth-1\"  >96<\/option><option value=\"97\"  class=\"choice-50 depth-1\"  >97<\/option><option value=\"98\"  class=\"choice-51 depth-1\"  >98<\/option><option value=\"99\"  class=\"choice-52 depth-1\"  >99<\/option><\/select><\/div><div id=\"wpforms-5592-field_15-container\" class=\"wpforms-field wpforms-field-select wpforms-field-select-style-classic\" data-field-id=\"15\"><label class=\"wpforms-field-label\" for=\"wpforms-5592-field_15\">Gr\u00f6\u00dfe der Dress w\u00e4hlen <span class=\"wpforms-required-label\" aria-hidden=\"true\">*<\/span><\/label><select id=\"wpforms-5592-field_15\" class=\"wpforms-field-small wpforms-field-required\" name=\"wpforms[fields][15]\" required=\"required\"><option value=\"\" class=\"placeholder\" disabled  selected='selected'>--- Auswahl treffen ---<\/option><option value=\"S\"  class=\"choice-1 depth-1\"  >S<\/option><option value=\"M\"  class=\"choice-2 depth-1\"  >M<\/option><option value=\"L\"  class=\"choice-3 depth-1\"  >L<\/option><option value=\"XL\"  class=\"choice-4 depth-1\"  >XL<\/option><option value=\"XXL\"  class=\"choice-6 depth-1\"  >XXL<\/option><option value=\"XXXL (Goalie)\"  class=\"choice-5 depth-1\"  >XXXL (Goalie)<\/option><\/select><div id=\"wpforms-5592-field_15-description\" class=\"wpforms-field-description\">f\u00fcr die Socks gibt es eine Einheitsgr\u00f6\u00dfe<\/div><\/div>\t\t<div id=\"wpforms-5592-field_4-container\"\n\t\t\tclass=\"wpforms-field wpforms-field-text\"\n\t\t\tdata-field-type=\"text\"\n\t\t\tdata-field-id=\"4\"\n\t\t\t>\n\t\t\t<label class=\"wpforms-field-label\" for=\"wpforms-5592-field_4\" >Dress der Gr\u00f6\u00dfe<\/label>\n\t\t\t<input type=\"text\" id=\"wpforms-5592-field_4\" class=\"wpforms-field-medium\" name=\"wpforms[fields][4]\" >\n\t\t<\/div>\n\t\t<div id=\"wpforms-5592-field_13-container\" class=\"wpforms-field wpforms-field-payment-checkbox wpforms-list-inline\" data-field-id=\"13\"><fieldset><legend class=\"wpforms-field-label\">Auswahl <span class=\"wpforms-required-label\" aria-hidden=\"true\">*<\/span><\/legend><ul id=\"wpforms-5592-field_13\" class=\"wpforms-field-required wpforms-image-choices wpforms-image-choices-modern\"><li class=\"choice-1 wpforms-image-choices-item\"><label class=\"wpforms-field-label-inline\" for=\"wpforms-5592-field_13_1\"><span class=\"wpforms-image-choices-image\"><img decoding=\"async\" src=\"https:\/\/www.scmi.at\/wp-content\/uploads\/2018\/12\/BlackKnights-e1773134718742.png\" alt=\"Dress Black Knights\" title=\"Dress Black Knights\"><\/span><input type=\"checkbox\" id=\"wpforms-5592-field_13_1\" class=\"wpforms-payment-price wpforms-screen-reader-element\" data-amount=\"55,00\" name=\"wpforms[fields][13][]\" value=\"1\" aria-errormessage=\"wpforms-5592-field_13_1-error\" required ><span class=\"wpforms-image-choices-label\">Dress Black Knights - <span class=\"wpforms-currency-symbol\">55,00 &euro;<\/span><\/span><\/label><\/li><li class=\"choice-2 wpforms-image-choices-item\"><label class=\"wpforms-field-label-inline\" for=\"wpforms-5592-field_13_2\"><span class=\"wpforms-image-choices-image\"><img decoding=\"async\" src=\"https:\/\/www.scmi.at\/wp-content\/uploads\/2018\/12\/WhiteStars-e1773134729699.png\" alt=\"Dress White Stars\" title=\"Dress White Stars\"><\/span><input type=\"checkbox\" id=\"wpforms-5592-field_13_2\" class=\"wpforms-payment-price wpforms-screen-reader-element\" data-amount=\"55,00\" name=\"wpforms[fields][13][]\" value=\"2\" aria-errormessage=\"wpforms-5592-field_13_2-error\" required ><span class=\"wpforms-image-choices-label\">Dress White Stars - <span class=\"wpforms-currency-symbol\">55,00 &euro;<\/span><\/span><\/label><\/li><li class=\"choice-3 wpforms-image-choices-item\"><label class=\"wpforms-field-label-inline\" for=\"wpforms-5592-field_13_3\"><span class=\"wpforms-image-choices-image\"><img decoding=\"async\" src=\"https:\/\/www.scmi.at\/wp-content\/uploads\/2018\/09\/SCMI_Socks2018-e1773134758947.png\" alt=\"Socks wei\u00df\" title=\"Socks wei\u00df\"><\/span><input type=\"checkbox\" id=\"wpforms-5592-field_13_3\" class=\"wpforms-payment-price wpforms-screen-reader-element\" data-amount=\"25,00\" name=\"wpforms[fields][13][]\" value=\"3\" aria-errormessage=\"wpforms-5592-field_13_3-error\" required ><span class=\"wpforms-image-choices-label\">Socks wei\u00df - <span class=\"wpforms-currency-symbol\">25,00 &euro;<\/span><\/span><\/label><\/li><\/ul><\/fieldset><\/div><div id=\"wpforms-5592-field_9-container\" class=\"wpforms-field wpforms-field-payment-total wpforms-field-medium wpforms-summary-enabled\" data-field-id=\"9\"><label class=\"wpforms-field-label\">Summe<\/label><div class=\"wpforms-order-summary-container\">\n\t<table class=\"wpforms-order-summary-preview\" cellpadding=\"0\" cellspacing=\"0\" width=\"100%\" role=\"presentation\">\n\t\t<caption style=\"display: none;\">Zusammenfassung der Bestellung<\/caption>\n\t\t<thead>\n\t\t\t<tr>\n\t\t\t\t<th class=\"wpforms-order-summary-item-label\" valign=\"top\">Gegenstand<\/th>\n\t\t\t\t<th class=\"wpforms-order-summary-item-quantity\" valign=\"top\">\n\t\t\t\t\t<span class=\"wpforms-order-summary-item-quantity-label-full\">Menge<\/span>\n\t\t\t\t\t<span class=\"wpforms-order-summary-item-quantity-label-short\">Menge<\/span>\n\t\t\t\t<\/th>\n\t\t\t\t<th class=\"wpforms-order-summary-item-price\" valign=\"top\" style=\"width:11ch;\">Summe<\/th>\n\t\t\t<\/tr>\n\t\t<\/thead>\n\t\t<tbody>\n\t\t\t<tr class=\"wpforms-order-summary-placeholder\" style=\"display: table-row;\">\n\t\t\t\t<td colspan=\"3\" valign=\"top\">Es sind keine Produkte ausgew\u00e4hlt.<\/td>\n\t\t\t<\/tr>\n\t\t\t<tr class=\"wpforms-order-summary-field\" data-field=\"13\" data-choice=\"1\" style=\"display:none;\"><td class=\"wpforms-order-summary-item-label\" valign=\"top\">Auswahl - Dress Black Knights<\/td><td class=\"wpforms-order-summary-item-quantity\" valign=\"top\">1<\/td><td class=\"wpforms-order-summary-item-price\" valign=\"top\" style=\"width:11ch;\">55,00 &euro;<\/td><\/tr><tr class=\"wpforms-order-summary-field\" data-field=\"13\" data-choice=\"2\" style=\"display:none;\"><td class=\"wpforms-order-summary-item-label\" valign=\"top\">Auswahl - Dress White Stars<\/td><td class=\"wpforms-order-summary-item-quantity\" valign=\"top\">1<\/td><td class=\"wpforms-order-summary-item-price\" valign=\"top\" style=\"width:11ch;\">55,00 &euro;<\/td><\/tr><tr class=\"wpforms-order-summary-field\" data-field=\"13\" data-choice=\"3\" style=\"display:none;\"><td class=\"wpforms-order-summary-item-label\" valign=\"top\">Auswahl - Socks wei\u00df<\/td><td class=\"wpforms-order-summary-item-quantity\" valign=\"top\">1<\/td><td class=\"wpforms-order-summary-item-price\" valign=\"top\" style=\"width:11ch;\">25,00 &euro;<\/td><\/tr><tr class=\"wpforms-order-summary-preview-total\" ><td class=\"wpforms-order-summary-item-label\" valign=\"top\">Summe<\/td><td class=\"wpforms-order-summary-item-quantity\" valign=\"top\"><\/td><td class=\"wpforms-order-summary-item-price\" valign=\"top\" style=\"width:11ch;\">0,00 &euro;<\/td><\/tr>\t\t<\/tbody>\n\t<\/table>\n<\/div>\n<div class=\"wpforms-payment-total\" style=\"display:none\">0,00 &euro;<\/div><input type=\"hidden\" id=\"wpforms-5592-field_9\" class=\"wpforms-field-medium wpforms-payment-total\" name=\"wpforms[fields][9]\" value=\"0\" aria-describedby=\"wpforms-5592-field_9-description\"><div id=\"wpforms-5592-field_9-description\" class=\"wpforms-field-description\">Da die Preise f\u00fcr Dressen und Socks laufenden Schwankungen unterliegen, ist der angef\u00fchrte Betrag als Richtwert zu verstehen und kann sich geringf\u00fcgig \u2013 auch nach der Bestellung \u2013 noch \u00e4ndern.<\/div><\/div><script>\n\t\t\t\t( function() {\n\t\t\t\t\tconst style = document.createElement( 'style' );\n\t\t\t\t\tstyle.appendChild( document.createTextNode( '#wpforms-5592-field_4-container { position: absolute !important; overflow: hidden !important; display: inline !important; height: 1px !important; width: 1px !important; z-index: -1000 !important; padding: 0 !important; } #wpforms-5592-field_4-container input { visibility: hidden; } #wpforms-conversational-form-page #wpforms-5592-field_4-container label { counter-increment: none; }' ) );\n\t\t\t\t\tdocument.head.appendChild( style );\n\t\t\t\t\tdocument.currentScript?.remove();\n\t\t\t\t} )();\n\t\t\t<\/script><\/div><!-- .wpforms-field-container --><div class=\"wpforms-recaptcha-container wpforms-is-recaptcha wpforms-is-recaptcha-type-v3\" ><input type=\"hidden\" name=\"wpforms[recaptcha]\" value=\"\"><\/div><div class=\"wpforms-submit-container\" ><input type=\"hidden\" name=\"wpforms[id]\" value=\"5592\"><input type=\"hidden\" name=\"page_title\" value=\"\"><input type=\"hidden\" name=\"page_url\" value=\"https:\/\/www.scmi.at\/index.php?rest_route=\/wp\/v2\/pages\/221\"><input type=\"hidden\" name=\"url_referer\" value=\"\"><button type=\"submit\" name=\"wpforms[submit]\" id=\"wpforms-submit-5592\" class=\"wpforms-submit\" data-alt-text=\"Wird gesendet\u00a0\u2026\" data-submit-text=\"Absenden\" aria-live=\"assertive\" value=\"wpforms-submit\">Absenden<\/button><img loading=\"lazy\" decoding=\"async\" src=\"https:\/\/www.scmi.at\/wp-content\/plugins\/wpforms-lite\/assets\/images\/submit-spin.svg\" class=\"wpforms-submit-spinner\" style=\"display: none;\" width=\"26\" height=\"26\" alt=\"Wird geladen\"><\/div><\/form><\/div>  <!-- .wpforms-container -->\n","protected":false},"excerpt":{"rendered":"","protected":false},"author":1,"featured_media":3442,"parent":0,"menu_order":0,"comment_status":"closed","ping_status":"closed","template":"","meta":{"footnotes":""},"class_list":["post-221","page","type-page","status-publish","has-post-thumbnail","hentry"],"_links":{"self":[{"href":"https:\/\/www.scmi.at\/index.php?rest_route=\/wp\/v2\/pages\/221","targetHints":{"allow":["GET"]}}],"collection":[{"href":"https:\/\/www.scmi.at\/index.php?rest_route=\/wp\/v2\/pages"}],"about":[{"href":"https:\/\/www.scmi.at\/index.php?rest_route=\/wp\/v2\/types\/page"}],"author":[{"embeddable":true,"href":"https:\/\/www.scmi.at\/index.php?rest_route=\/wp\/v2\/users\/1"}],"replies":[{"embeddable":true,"href":"https:\/\/www.scmi.at\/index.php?rest_route=%2Fwp%2Fv2%2Fcomments&post=221"}],"version-history":[{"count":3,"href":"https:\/\/www.scmi.at\/index.php?rest_route=\/wp\/v2\/pages\/221\/revisions"}],"predecessor-version":[{"id":5652,"href":"https:\/\/www.scmi.at\/index.php?rest_route=\/wp\/v2\/pages\/221\/revisions\/5652"}],"wp:featuredmedia":[{"embeddable":true,"href":"https:\/\/www.scmi.at\/index.php?rest_route=\/wp\/v2\/media\/3442"}],"wp:attachment":[{"href":"https:\/\/www.scmi.at\/index.php?rest_route=%2Fwp%2Fv2%2Fmedia&parent=221"}],"curies":[{"name":"wp","href":"https:\/\/api.w.org\/{rel}","templated":true}]}}